{"id":348,"date":"2024-09-26T13:41:36","date_gmt":"2024-09-26T13:41:36","guid":{"rendered":"http:\/\/localhost:8888\/infinitum-fo\/?page_id=348"},"modified":"2025-04-10T14:01:21","modified_gmt":"2025-04-10T14:01:21","slug":"legal-notice","status":"publish","type":"page","link":"https:\/\/www.infinitum-fo.com\/fr\/legal-notice\/","title":{"rendered":"Mentions l\u00e9gales"},"content":{"rendered":"<div data-elementor-type=\"wp-page\" data-elementor-id=\"348\" class=\"elementor elementor-348\" data-elementor-settings=\"{&quot;ha_cmc_init_switcher&quot;:&quot;no&quot;}\" data-elementor-post-type=\"page\">\n\t\t\t\t<div class=\"elementor-element elementor-element-5863c9d e-flex e-con-boxed e-con e-parent\" data-id=\"5863c9d\" data-element_type=\"container\" data-settings=\"{&quot;_ha_eqh_enable&quot;:false}\">\n\t\t\t\t\t<div class=\"e-con-inner\">\n\t\t\t\t<div class=\"elementor-element elementor-element-15d61f0 elementor-widget elementor-widget-heading\" data-id=\"15d61f0\" data-element_type=\"widget\" data-widget_type=\"heading.default\">\n\t\t\t\t<div class=\"elementor-widget-container\">\n\t\t\t\t\t<h2 class=\"elementor-heading-title elementor-size-default\">Mentions l\u00e9gales<\/h2>\t\t\t\t<\/div>\n\t\t\t\t<\/div>\n\t\t\t\t\t<\/div>\n\t\t\t\t<\/div>\n\t\t<div class=\"elementor-element elementor-element-9f04c78 e-flex e-con-boxed e-con e-parent\" data-id=\"9f04c78\" data-element_type=\"container\" data-settings=\"{&quot;_ha_eqh_enable&quot;:false}\">\n\t\t\t\t\t<div class=\"e-con-inner\">\n\t\t\t\t<div class=\"elementor-element elementor-element-50c645a elementor-widget elementor-widget-heading\" data-id=\"50c645a\" data-element_type=\"widget\" data-widget_type=\"heading.default\">\n\t\t\t\t<div class=\"elementor-widget-container\">\n\t\t\t\t\t<h2 class=\"elementor-heading-title elementor-size-default\">1. PROPRI\u00c9T\u00c9 DU SITE WEB ET PUBLICATION DE HTTPS:\/\/WWW.INFINITUM-FO.COM<\/h2>\t\t\t\t<\/div>\n\t\t\t\t<\/div>\n\t\t\t\t<div class=\"elementor-element elementor-element-b787ef3 elementor-widget elementor-widget-text-editor\" data-id=\"b787ef3\" data-element_type=\"widget\" data-widget_type=\"text-editor.default\">\n\t\t\t\t<div class=\"elementor-widget-container\">\n\t\t\t\t\t\t\t\t\t<p>Ce site web est publi\u00e9 et appartient \u00e0 Infinitum FO SRL.<\/p><p><span style=\"text-decoration: underline;\"><b>Si\u00e8ge social:<\/b><\/span><\/p><p>Infinitum FO SRL<br \/>Beigemsesteenweg\u00a058\u2028BE-1850\u00a0Grimbergen<\/p><p><b>Num\u00e9ro de TVA:<\/b> BE1006.096.470<br \/><b>Num\u00e9ro de t\u00e9l\u00e9phone:<\/b> +32(0)2 844 23 32<br \/><b>Email:<\/b> info@infinitum-fo.com<\/p>\t\t\t\t\t\t\t\t<\/div>\n\t\t\t\t<\/div>\n\t\t\t\t<div class=\"elementor-element elementor-element-8568bbf elementor-widget elementor-widget-heading\" data-id=\"8568bbf\" data-element_type=\"widget\" data-widget_type=\"heading.default\">\n\t\t\t\t<div class=\"elementor-widget-container\">\n\t\t\t\t\t<h2 class=\"elementor-heading-title elementor-size-default\">2. CONCEPTION ET H\u00c9BERGEMENT DU SITE WWW.INFINITUM-FO.COM<\/h2>\t\t\t\t<\/div>\n\t\t\t\t<\/div>\n\t\t\t\t<div class=\"elementor-element elementor-element-60ef21d elementor-widget elementor-widget-text-editor\" data-id=\"60ef21d\" data-element_type=\"widget\" data-widget_type=\"text-editor.default\">\n\t\t\t\t<div class=\"elementor-widget-container\">\n\t\t\t\t\t\t\t\t\t<p><b>Conception et d\u00e9veloppement: Zebra Stripes<\/b> Zebra Stripes<br \/><b>Email:\u00a0<\/b>nina@zebrastripes.be<br \/><b>Site web: <\/b>https:\/\/zebrastripes.be<\/p><p>Le site web est h\u00e9berg\u00e9 par Gandi.<br \/>GANDI SAS, une soci\u00e9t\u00e9 par actions simplifi\u00e9e ayant son si\u00e8ge social \u00e0 :<br \/>63-65 boulevard Mass\u00e9na Paris (75013) FRANCE<br \/>immatricul\u00e9e sous le num\u00e9ro 423 093 459 RCS PARIS<br \/><b>Num\u00e9ro de TVA:<\/b> FR81423093459<br \/><b>Num\u00e9ro de t\u00e9l\u00e9phone:<\/b> +33(0)1 70.37.76.61<\/p>\t\t\t\t\t\t\t\t<\/div>\n\t\t\t\t<\/div>\n\t\t\t\t<div class=\"elementor-element elementor-element-eaa69ce elementor-widget elementor-widget-heading\" data-id=\"eaa69ce\" data-element_type=\"widget\" data-widget_type=\"heading.default\">\n\t\t\t\t<div class=\"elementor-widget-container\">\n\t\t\t\t\t<h2 class=\"elementor-heading-title elementor-size-default\">3. PROPRI\u00c9T\u00c9 INTELLECTUELLE<\/h2>\t\t\t\t<\/div>\n\t\t\t\t<\/div>\n\t\t\t\t<div class=\"elementor-element elementor-element-157ddef elementor-widget elementor-widget-text-editor\" data-id=\"157ddef\" data-element_type=\"widget\" data-widget_type=\"text-editor.default\">\n\t\t\t\t<div class=\"elementor-widget-container\">\n\t\t\t\t\t\t\t\t\t<p>L'ensemble du site web, y compris la structure et le contenu (titres, tableaux, graphiques, images, photos, vid\u00e9os, sons, bases de donn\u00e9es, applications et logiciels), est prot\u00e9g\u00e9 par le droit d'auteur belge et la propri\u00e9t\u00e9 intellectuelle de Infinitum FO.<\/p>\t\t\t\t\t\t\t\t<\/div>\n\t\t\t\t<\/div>\n\t\t\t\t<div class=\"elementor-element elementor-element-5e0207a elementor-widget elementor-widget-heading\" data-id=\"5e0207a\" data-element_type=\"widget\" data-widget_type=\"heading.default\">\n\t\t\t\t<div class=\"elementor-widget-container\">\n\t\t\t\t\t<h2 class=\"elementor-heading-title elementor-size-default\">4. GESTION DES DONN\u00c9ES PERSONNELLES<\/h2>\t\t\t\t<\/div>\n\t\t\t\t<\/div>\n\t\t\t\t<div class=\"elementor-element elementor-element-f08a552 elementor-widget elementor-widget-text-editor\" data-id=\"f08a552\" data-element_type=\"widget\" data-widget_type=\"text-editor.default\">\n\t\t\t\t<div class=\"elementor-widget-container\">\n\t\t\t\t\t\t\t\t\t<p>Les donn\u00e9es que nous collectons sont destin\u00e9es \u00e0 permettre la communication et l'\u00e9change d'informations avec les visiteurs du site web.<\/p><p>Les informations que vous nous transmettez via nos formulaires sont exclusivement destin\u00e9es \u00e0 Infinitum FO et sont collect\u00e9es dans le seul but de mieux vous conna\u00eetre et de mieux vous servir.<br \/>Ils ne sont ni vendus ni transmis \u00e0 des tiers.<\/p><p>Infinitum FO garantit la confidentialit\u00e9 des informations contenues sur le site.<br \/>Les adresses et informations personnelles des utilisateurs n\u2019apparaissent \u00e0 aucun moment.<\/p>\t\t\t\t\t\t\t\t<\/div>\n\t\t\t\t<\/div>\n\t\t\t\t<div class=\"elementor-element elementor-element-b1d129f elementor-widget elementor-widget-heading\" data-id=\"b1d129f\" data-element_type=\"widget\" data-widget_type=\"heading.default\">\n\t\t\t\t<div class=\"elementor-widget-container\">\n\t\t\t\t\t<h2 class=\"elementor-heading-title elementor-size-default\">5. COOKIES<\/h2>\t\t\t\t<\/div>\n\t\t\t\t<\/div>\n\t\t\t\t<div class=\"elementor-element elementor-element-608d920 elementor-widget elementor-widget-text-editor\" data-id=\"608d920\" data-element_type=\"widget\" data-widget_type=\"text-editor.default\">\n\t\t\t\t<div class=\"elementor-widget-container\">\n\t\t\t\t\t\t\t\t\t<p class=\"translation-block\">\u00c0 des fins d'analyses statistiques, nous souhaitons implanter un cookie sur votre ordinateur. <br>Un cookie enregistre des informations relatives \u00e0 la navigation de votre ordinateur sur notre site (les pages que vous avez consult\u00e9es, la date et l'heure de la consultation, etc.) que nous pourrons lire lors de vos visites ult\u00e9rieures. <br>La dur\u00e9e de conservation de ces informations sur votre ordinateur est de 3 ans.\n<br><br>\nNous vous informons que vous pouvez vous opposer \u00e0 l'enregistrement de \u00ab cookies \u00bb en configurant votre navigateur via les menus \u00ab outils \u00bb et \u00ab options \u00bb.\n<br><br>\nRemarque : les cookies ne sont pas priv\u00e9s, mais totalement anonymes.<\/p>\t\t\t\t\t\t\t\t<\/div>\n\t\t\t\t<\/div>\n\t\t\t\t<div class=\"elementor-element elementor-element-a2b820a elementor-widget elementor-widget-heading\" data-id=\"a2b820a\" data-element_type=\"widget\" data-widget_type=\"heading.default\">\n\t\t\t\t<div class=\"elementor-widget-container\">\n\t\t\t\t\t<h2 class=\"elementor-heading-title elementor-size-default\">6. DROITS D'AUTEUR<\/h2>\t\t\t\t<\/div>\n\t\t\t\t<\/div>\n\t\t\t\t<div class=\"elementor-element elementor-element-50e2a53 elementor-widget elementor-widget-text-editor\" data-id=\"50e2a53\" data-element_type=\"widget\" data-widget_type=\"text-editor.default\">\n\t\t\t\t<div class=\"elementor-widget-container\">\n\t\t\t\t\t\t\t\t\t<p class=\"translation-block\">L'ensemble de ce site est soumis \u00e0 la l\u00e9gislation belge et internationale sur les droits d'auteur et la propri\u00e9t\u00e9 intellectuelle.\n<br>\nLa reproduction de toutes les parties du site constitue la base du support que sert ce formulaire pour autoriser l'autorisation du directeur de la publication.<\/p>\t\t\t\t\t\t\t\t<\/div>\n\t\t\t\t<\/div>\n\t\t\t\t<div class=\"elementor-element elementor-element-7c8708e elementor-widget elementor-widget-heading\" data-id=\"7c8708e\" data-element_type=\"widget\" data-widget_type=\"heading.default\">\n\t\t\t\t<div class=\"elementor-widget-container\">\n\t\t\t\t\t<h2 class=\"elementor-heading-title elementor-size-default\">7. DROIT APPLICABLE ET JURIDICTION COMP\u00c9TENTE<\/h2>\t\t\t\t<\/div>\n\t\t\t\t<\/div>\n\t\t\t\t<div class=\"elementor-element elementor-element-fd47ee5 elementor-widget elementor-widget-text-editor\" data-id=\"fd47ee5\" data-element_type=\"widget\" data-widget_type=\"text-editor.default\">\n\t\t\t\t<div class=\"elementor-widget-container\">\n\t\t\t\t\t\t\t\t\t<p>Votre acc\u00e8s, visite ou utilisation du site www.infinitum-fo.com et des pr\u00e9sentes conditions g\u00e9n\u00e9rales sont r\u00e9gis et interpr\u00e9t\u00e9s conform\u00e9ment au droit belge.\u00a0<br \/>En cas de litige, les tribunaux de Bruxelles sont seuls comp\u00e9tents.<\/p>\t\t\t\t\t\t\t\t<\/div>\n\t\t\t\t<\/div>\n\t\t\t\t<div class=\"elementor-element elementor-element-9b8ca0f elementor-widget elementor-widget-text-editor\" data-id=\"9b8ca0f\" data-element_type=\"widget\" data-widget_type=\"text-editor.default\">\n\t\t\t\t<div class=\"elementor-widget-container\">\n\t\t\t\t\t\t\t\t\t<p>Derni\u00e8re mise \u00e0 jour: 10 octobre 2024<\/p>\t\t\t\t\t\t\t\t<\/div>\n\t\t\t\t<\/div>\n\t\t\t\t\t<\/div>\n\t\t\t\t<\/div>\n\t\t\t\t<\/div>","protected":false},"excerpt":{"rendered":"<p>Legal Notice 1. WEBSITE OWNERSHIP AND PUBLICATION OF INFINITUM-FO.COM This website is published and owned by\u00a0Infinitum FO BV. Headquarters: Infinitum FO BVBeigemsesteenweg\u00a058\u2028BE-1850\u00a0Grimbergen VAT-number: BE1006.096.470Phone number: +32(0)2 844 23 32Email: info@infinitum-fo.com 2. WEBSITE DESIGN AND HOSTING OF INFINITUM-FO.COM Design and development: Zebra StripesEmail:\u00a0nina@zebrastripes.beWebsite: https:\/\/zebrastripes.be The website is hosted by\u00a0Gandi.GANDI SAS, a simplified joint stock company having [&hellip;]<\/p>","protected":false},"author":1,"featured_media":0,"parent":0,"menu_order":0,"comment_status":"closed","ping_status":"closed","template":"","meta":{"_monsterinsights_skip_tracking":false,"_monsterinsights_sitenote_active":false,"_monsterinsights_sitenote_note":"","_monsterinsights_sitenote_category":0,"_uf_show_specific_survey":0,"_uf_disable_surveys":false,"footnotes":""},"class_list":["post-348","page","type-page","status-publish","hentry"],"yoast_head":"<!-- This site is optimized with the Yoast SEO plugin v25.8 - https:\/\/yoast.com\/wordpress\/plugins\/seo\/ -->\n<title>Legal Notice | Infinitum FO<\/title>\n<meta name=\"description\" content=\"Review the legal notice for the website of Infinitum Family Office. Stay informed about your rights and our policies.\" \/>\n<meta name=\"robots\" content=\"index, follow, max-snippet:-1, max-image-preview:large, max-video-preview:-1\" \/>\n<link rel=\"canonical\" href=\"https:\/\/www.infinitum-fo.com\/fr\/legal-notice\/\" \/>\n<meta property=\"og:locale\" content=\"fr_FR\" \/>\n<meta property=\"og:type\" content=\"article\" \/>\n<meta property=\"og:title\" content=\"Legal Notice | Infinitum FO\" \/>\n<meta property=\"og:description\" content=\"Review the legal notice for the website of Infinitum Family Office. Stay informed about your rights and our policies.\" \/>\n<meta property=\"og:url\" content=\"https:\/\/www.infinitum-fo.com\/fr\/legal-notice\/\" \/>\n<meta property=\"og:site_name\" content=\"Infinitum Family Office\" \/>\n<meta property=\"article:modified_time\" content=\"2025-04-10T14:01:21+00:00\" \/>\n<meta name=\"twitter:card\" content=\"summary_large_image\" \/>\n<meta name=\"twitter:label1\" content=\"Dur\u00e9e de lecture est.\" \/>\n\t<meta name=\"twitter:data1\" content=\"2 minutes\" \/>\n<script type=\"application\/ld+json\" class=\"yoast-schema-graph\">{\"@context\":\"https:\/\/schema.org\",\"@graph\":[{\"@type\":\"WebPage\",\"@id\":\"https:\/\/www.infinitum-fo.com\/legal-notice\/\",\"url\":\"https:\/\/www.infinitum-fo.com\/legal-notice\/\",\"name\":\"Legal Notice | Infinitum FO\",\"isPartOf\":{\"@id\":\"https:\/\/www.infinitum-fo.com\/#website\"},\"datePublished\":\"2024-09-26T13:41:36+00:00\",\"dateModified\":\"2025-04-10T14:01:21+00:00\",\"description\":\"Review the legal notice for the website of Infinitum Family Office. Stay informed about your rights and our policies.\",\"breadcrumb\":{\"@id\":\"https:\/\/www.infinitum-fo.com\/legal-notice\/#breadcrumb\"},\"inLanguage\":\"fr-BE\",\"potentialAction\":[{\"@type\":\"ReadAction\",\"target\":[\"https:\/\/www.infinitum-fo.com\/legal-notice\/\"]}]},{\"@type\":\"BreadcrumbList\",\"@id\":\"https:\/\/www.infinitum-fo.com\/legal-notice\/#breadcrumb\",\"itemListElement\":[{\"@type\":\"ListItem\",\"position\":1,\"name\":\"Home\",\"item\":\"https:\/\/www.infinitum-fo.com\/\"},{\"@type\":\"ListItem\",\"position\":2,\"name\":\"Legal Notice\"}]},{\"@type\":\"WebSite\",\"@id\":\"https:\/\/www.infinitum-fo.com\/#website\",\"url\":\"https:\/\/www.infinitum-fo.com\/\",\"name\":\"Infinitum FO\",\"description\":\"Family Office\",\"publisher\":{\"@id\":\"https:\/\/www.infinitum-fo.com\/#organization\"},\"potentialAction\":[{\"@type\":\"SearchAction\",\"target\":{\"@type\":\"EntryPoint\",\"urlTemplate\":\"https:\/\/www.infinitum-fo.com\/?s={search_term_string}\"},\"query-input\":{\"@type\":\"PropertyValueSpecification\",\"valueRequired\":true,\"valueName\":\"search_term_string\"}}],\"inLanguage\":\"fr-BE\"},{\"@type\":\"Organization\",\"@id\":\"https:\/\/www.infinitum-fo.com\/#organization\",\"name\":\"Infinitum FO\",\"url\":\"https:\/\/www.infinitum-fo.com\/\",\"logo\":{\"@type\":\"ImageObject\",\"inLanguage\":\"fr-BE\",\"@id\":\"https:\/\/www.infinitum-fo.com\/#\/schema\/logo\/image\/\",\"url\":\"https:\/\/www.infinitum-fo.com\/wp-content\/uploads\/2024\/08\/Logo.webp\",\"contentUrl\":\"https:\/\/www.infinitum-fo.com\/wp-content\/uploads\/2024\/08\/Logo.webp\",\"width\":1920,\"height\":691,\"caption\":\"Infinitum FO\"},\"image\":{\"@id\":\"https:\/\/www.infinitum-fo.com\/#\/schema\/logo\/image\/\"}}]}<\/script>\n<!-- \/ Yoast SEO plugin. -->","yoast_head_json":{"title":"Mentions l\u00e9gales  | Infinitum FO","description":"Consultez les mentions l\u00e9gales du site internet d'Infinitum Family Office. Restez inform\u00e9 de vos droits et de nos politiques.","robots":{"index":"index","follow":"follow","max-snippet":"max-snippet:-1","max-image-preview":"max-image-preview:large","max-video-preview":"max-video-preview:-1"},"canonical":"https:\/\/www.infinitum-fo.com\/fr\/legal-notice\/","og_locale":"fr_FR","og_type":"article","og_title":"Legal Notice | Infinitum FO","og_description":"Review the legal notice for the website of Infinitum Family Office. Stay informed about your rights and our policies.","og_url":"https:\/\/www.infinitum-fo.com\/fr\/legal-notice\/","og_site_name":"Infinitum Family Office","article_modified_time":"2025-04-10T14:01:21+00:00","twitter_card":"summary_large_image","twitter_misc":{"Dur\u00e9e de lecture est.":"2 minutes"},"schema":{"@context":"https:\/\/schema.org","@graph":[{"@type":"WebPage","@id":"https:\/\/www.infinitum-fo.com\/legal-notice\/","url":"https:\/\/www.infinitum-fo.com\/legal-notice\/","name":"Mentions l\u00e9gales  | Infinitum FO","isPartOf":{"@id":"https:\/\/www.infinitum-fo.com\/#website"},"datePublished":"2024-09-26T13:41:36+00:00","dateModified":"2025-04-10T14:01:21+00:00","description":"Consultez les mentions l\u00e9gales du site internet d'Infinitum Family Office. Restez inform\u00e9 de vos droits et de nos politiques.","breadcrumb":{"@id":"https:\/\/www.infinitum-fo.com\/legal-notice\/#breadcrumb"},"inLanguage":"fr-BE","potentialAction":[{"@type":"ReadAction","target":["https:\/\/www.infinitum-fo.com\/legal-notice\/"]}]},{"@type":"BreadcrumbList","@id":"https:\/\/www.infinitum-fo.com\/legal-notice\/#breadcrumb","itemListElement":[{"@type":"ListItem","position":1,"name":"Home","item":"https:\/\/www.infinitum-fo.com\/"},{"@type":"ListItem","position":2,"name":"Legal Notice"}]},{"@type":"WebSite","@id":"https:\/\/www.infinitum-fo.com\/#website","url":"https:\/\/www.infinitum-fo.com\/","name":"Infinitum FO","description":"Family Office","publisher":{"@id":"https:\/\/www.infinitum-fo.com\/#organization"},"potentialAction":[{"@type":"SearchAction","target":{"@type":"EntryPoint","urlTemplate":"https:\/\/www.infinitum-fo.com\/?s={search_term_string}"},"query-input":{"@type":"PropertyValueSpecification","valueRequired":true,"valueName":"search_term_string"}}],"inLanguage":"fr-BE"},{"@type":"Organization","@id":"https:\/\/www.infinitum-fo.com\/#organization","name":"Infinitum FO","url":"https:\/\/www.infinitum-fo.com\/","logo":{"@type":"ImageObject","inLanguage":"fr-BE","@id":"https:\/\/www.infinitum-fo.com\/#\/schema\/logo\/image\/","url":"https:\/\/www.infinitum-fo.com\/wp-content\/uploads\/2024\/08\/Logo.webp","contentUrl":"https:\/\/www.infinitum-fo.com\/wp-content\/uploads\/2024\/08\/Logo.webp","width":1920,"height":691,"caption":"Infinitum FO"},"image":{"@id":"https:\/\/www.infinitum-fo.com\/#\/schema\/logo\/image\/"}}]}},"_links":{"self":[{"href":"https:\/\/www.infinitum-fo.com\/fr\/wp-json\/wp\/v2\/pages\/348","targetHints":{"allow":["GET"]}}],"collection":[{"href":"https:\/\/www.infinitum-fo.com\/fr\/wp-json\/wp\/v2\/pages"}],"about":[{"href":"https:\/\/www.infinitum-fo.com\/fr\/wp-json\/wp\/v2\/types\/page"}],"author":[{"embeddable":true,"href":"https:\/\/www.infinitum-fo.com\/fr\/wp-json\/wp\/v2\/users\/1"}],"replies":[{"embeddable":true,"href":"https:\/\/www.infinitum-fo.com\/fr\/wp-json\/wp\/v2\/comments?post=348"}],"version-history":[{"count":62,"href":"https:\/\/www.infinitum-fo.com\/fr\/wp-json\/wp\/v2\/pages\/348\/revisions"}],"predecessor-version":[{"id":4821,"href":"https:\/\/www.infinitum-fo.com\/fr\/wp-json\/wp\/v2\/pages\/348\/revisions\/4821"}],"wp:attachment":[{"href":"https:\/\/www.infinitum-fo.com\/fr\/wp-json\/wp\/v2\/media?parent=348"}],"curies":[{"name":"wp","href":"https:\/\/api.w.org\/{rel}","templated":true}]}}