{"id":395,"date":"2024-09-26T13:59:38","date_gmt":"2024-09-26T13:59:38","guid":{"rendered":"http:\/\/localhost:8888\/infinitum-fo\/?page_id=395"},"modified":"2024-10-31T09:41:32","modified_gmt":"2024-10-31T09:41:32","slug":"contact","status":"publish","type":"page","link":"https:\/\/www.infinitum-fo.com\/fr\/contact\/","title":{"rendered":"Contact"},"content":{"rendered":"<div data-elementor-type=\"wp-page\" data-elementor-id=\"395\" class=\"elementor elementor-395\" data-elementor-settings=\"{&quot;ha_cmc_init_switcher&quot;:&quot;no&quot;}\" data-elementor-post-type=\"page\">\n\t\t\t\t<div class=\"elementor-element elementor-element-492dc51 e-flex e-con-boxed e-con e-parent\" data-id=\"492dc51\" data-element_type=\"container\" data-settings=\"{&quot;_ha_eqh_enable&quot;:false}\">\n\t\t\t\t\t<div class=\"e-con-inner\">\n\t\t\t\t<div class=\"elementor-element elementor-element-cb14da2 elementor-widget__width-inherit elementor-widget elementor-widget-heading\" data-id=\"cb14da2\" data-element_type=\"widget\" data-widget_type=\"heading.default\">\n\t\t\t\t<div class=\"elementor-widget-container\">\n\t\t\t\t\t<h2 class=\"elementor-heading-title elementor-size-default\">Contact<\/h2>\t\t\t\t<\/div>\n\t\t\t\t<\/div>\n\t\t\t\t\t<\/div>\n\t\t\t\t<\/div>\n\t\t<div class=\"elementor-element elementor-element-e9373b6 e-flex e-con-boxed e-con e-parent\" data-id=\"e9373b6\" data-element_type=\"container\" data-settings=\"{&quot;_ha_eqh_enable&quot;:false}\">\n\t\t\t\t\t<div class=\"e-con-inner\">\n\t\t\t\t<div class=\"elementor-element elementor-element-26c9ed3 elementor-widget elementor-widget-text-editor\" data-id=\"26c9ed3\" data-element_type=\"widget\" data-widget_type=\"text-editor.default\">\n\t\t\t\t<div class=\"elementor-widget-container\">\n\t\t\t\t\t\t\t\t\t<p>Si vous souhaitez rejoindre notre Family Office, nous nous ferons un plaisir de r\u00e9pondre \u00e0 vos questions.<\/p><p>Veuillez noter qu'en raison de la forte demande pour nos services et de notre choix d\u00e9lib\u00e9r\u00e9 de privil\u00e9gier la qualit\u00e9, nous n'acceptons pas de nouveaux clients pour le moment et nous fonctionnons avec une liste d'attente.<\/p>\t\t\t\t\t\t\t\t<\/div>\n\t\t\t\t<\/div>\n\t\t\t\t\t<\/div>\n\t\t\t\t<\/div>\n\t\t<div class=\"elementor-element elementor-element-c1b77b1 e-flex e-con-boxed e-con e-parent\" data-id=\"c1b77b1\" data-element_type=\"container\" data-settings=\"{&quot;_ha_eqh_enable&quot;:false}\">\n\t\t\t\t\t<div class=\"e-con-inner\">\n\t\t\t\t<div class=\"elementor-element elementor-element-725bfc2 elementor-widget-mobile_extra__width-inherit elementor-button-align-stretch elementor-widget elementor-widget-form\" data-id=\"725bfc2\" data-element_type=\"widget\" data-settings=\"{&quot;step_next_label&quot;:&quot;Next&quot;,&quot;step_previous_label&quot;:&quot;Previous&quot;,&quot;button_width&quot;:&quot;100&quot;,&quot;step_type&quot;:&quot;number_text&quot;,&quot;step_icon_shape&quot;:&quot;circle&quot;}\" data-widget_type=\"form.default\">\n\t\t\t\t<div class=\"elementor-widget-container\">\n\t\t\t\t\t\t\t<form class=\"elementor-form\" method=\"post\" name=\"Contact Form\" aria-label=\"Fomulaire de contact\" action=\"\">\n\t\t\t<input type=\"hidden\" name=\"post_id\" value=\"395\"\/>\n\t\t\t<input type=\"hidden\" name=\"form_id\" value=\"725bfc2\"\/>\n\t\t\t<input type=\"hidden\" name=\"referer_title\" value=\"Contact | Infinitum Family Office in Belgium\" \/>\n\n\t\t\t\t\t\t\t<input type=\"hidden\" name=\"queried_id\" value=\"395\"\/>\n\t\t\t\n\t\t\t<div class=\"elementor-form-fields-wrapper elementor-labels-above\">\n\t\t\t\t\t\t\t\t<div class=\"elementor-field-type-text elementor-field-group elementor-column elementor-field-group-name elementor-col-50 elementor-md-50 elementor-sm-100 elementor-field-required elementor-mark-required\">\n\t\t\t\t\t\t\t\t\t\t\t\t<label for=\"form-field-name\" class=\"elementor-field-label\">\n\t\t\t\t\t\t\t\tPr\u00e9nom:\t\t\t\t\t\t\t<\/label>\n\t\t\t\t\t\t\t\t\t\t\t\t\t\t<input size=\"1\" type=\"text\" name=\"form_fields[name]\" id=\"form-field-name\" class=\"elementor-field elementor-size-sm  elementor-field-textual\" placeholder=\"Pr\u00e9nom\" required=\"required\">\n\t\t\t\t\t\t\t\t\t\t\t<\/div>\n\t\t\t\t\t\t\t\t<div class=\"elementor-field-type-text elementor-field-group elementor-column elementor-field-group-field_7597aef elementor-col-50 elementor-md-50 elementor-sm-100 elementor-field-required elementor-mark-required\">\n\t\t\t\t\t\t\t\t\t\t\t\t<label for=\"form-field-field_7597aef\" class=\"elementor-field-label\">\n\t\t\t\t\t\t\t\tNom:\t\t\t\t\t\t\t<\/label>\n\t\t\t\t\t\t\t\t\t\t\t\t\t\t<input size=\"1\" type=\"text\" name=\"form_fields[field_7597aef]\" id=\"form-field-field_7597aef\" class=\"elementor-field elementor-size-sm  elementor-field-textual\" placeholder=\"Nom\" required=\"required\">\n\t\t\t\t\t\t\t\t\t\t\t<\/div>\n\t\t\t\t\t\t\t\t<div class=\"elementor-field-type-email elementor-field-group elementor-column elementor-field-group-email elementor-col-60 elementor-md-100 elementor-sm-100 elementor-field-required elementor-mark-required\">\n\t\t\t\t\t\t\t\t\t\t\t\t<label for=\"form-field-email\" class=\"elementor-field-label\">\n\t\t\t\t\t\t\t\tEmail:\t\t\t\t\t\t\t<\/label>\n\t\t\t\t\t\t\t\t\t\t\t\t\t\t<input size=\"1\" type=\"email\" name=\"form_fields[email]\" id=\"form-field-email\" class=\"elementor-field elementor-size-sm  elementor-field-textual\" placeholder=\"Email\" required=\"required\">\n\t\t\t\t\t\t\t\t\t\t\t<\/div>\n\t\t\t\t\t\t\t\t<div class=\"elementor-field-type-tel elementor-field-group elementor-column elementor-field-group-field_838dea6 elementor-col-40 elementor-md-100 elementor-sm-100\">\n\t\t\t\t\t\t\t\t\t\t\t\t<label for=\"form-field-field_838dea6\" class=\"elementor-field-label\">\n\t\t\t\t\t\t\t\tNum\u00e9ro de t\u00e9l\u00e9phone:\t\t\t\t\t\t\t<\/label>\n\t\t\t\t\t\t\t\t<input size=\"1\" type=\"tel\" name=\"form_fields[field_838dea6]\" id=\"form-field-field_838dea6\" class=\"elementor-field elementor-size-sm  elementor-field-textual\" pattern=\"[0-9()#&amp;+*-=.]+\" title=\"Only numbers and phone characters (#, -, *, etc) are accepted.\">\n\n\t\t\t\t\t\t<\/div>\n\t\t\t\t\t\t\t\t<div class=\"elementor-field-type-textarea elementor-field-group elementor-column elementor-field-group-message elementor-col-70 elementor-md-100 elementor-sm-100 elementor-field-required elementor-mark-required\">\n\t\t\t\t\t\t\t\t\t\t\t\t<label for=\"form-field-message\" class=\"elementor-field-label\">\n\t\t\t\t\t\t\t\tMessage:\t\t\t\t\t\t\t<\/label>\n\t\t\t\t\t\t<textarea class=\"elementor-field-textual elementor-field  elementor-size-sm\" name=\"form_fields[message]\" id=\"form-field-message\" rows=\"6\" placeholder=\"Tapez votre message ici...\" required=\"required\"><\/textarea>\t\t\t\t<\/div>\n\t\t\t\t\t\t\t\t<div class=\"elementor-field-type-recaptcha elementor-field-group elementor-column elementor-field-group-field_b8d4e99 elementor-col-100\">\n\t\t\t\t\t<div class=\"elementor-field\" id=\"form-field-field_b8d4e99\"><div class=\"elementor-g-recaptcha\" data-sitekey=\"6LfRnlcqAAAAACKx1aJB2iEK4ShbvGN1VaxBMvlb\" data-type=\"v2_checkbox\" data-theme=\"light\" data-size=\"compact\"><\/div><\/div>\t\t\t\t<\/div>\n\t\t\t\t\t\t\t\t<div class=\"elementor-field-group elementor-column elementor-field-type-submit elementor-col-100 e-form__buttons\">\n\t\t\t\t\t<button class=\"elementor-button elementor-size-sm\" type=\"submit\">\n\t\t\t\t\t\t<span class=\"elementor-button-content-wrapper\">\n\t\t\t\t\t\t\t\t\t\t\t\t\t\t\t\t\t\t\t\t\t\t<span class=\"elementor-button-text\">Envoyer<\/span>\n\t\t\t\t\t\t\t\t\t\t\t\t\t<\/span>\n\t\t\t\t\t<\/button>\n\t\t\t\t<\/div>\n\t\t\t<\/div>\n\t\t<input type=\"hidden\" name=\"trp-form-language\" value=\"fr\"\/><\/form>\n\t\t\t\t\t\t<\/div>\n\t\t\t\t<\/div>\n\t\t\t\t<div class=\"elementor-element elementor-element-03ffcd1 elementor-widget elementor-widget-heading\" data-id=\"03ffcd1\" data-element_type=\"widget\" data-widget_type=\"heading.default\">\n\t\t\t\t<div class=\"elementor-widget-container\">\n\t\t\t\t\t<p class=\"elementor-heading-title elementor-size-default\">*Requis<\/p>\t\t\t\t<\/div>\n\t\t\t\t<\/div>\n\t\t\t\t\t<\/div>\n\t\t\t\t<\/div>\n\t\t\t\t<\/div>","protected":false},"excerpt":{"rendered":"<p>Contact If you are interested in joining our Family Office, we are happy to answer any questions you may have. Please note that due to the high demand for our services and our conscious choice to prioritize quality, we are not accepting new clients at this time and are operating with a waiting list. *Required<\/p>","protected":false},"author":1,"featured_media":0,"parent":0,"menu_order":0,"comment_status":"closed","ping_status":"closed","template":"","meta":{"_monsterinsights_skip_tracking":false,"_monsterinsights_sitenote_active":false,"_monsterinsights_sitenote_note":"","_monsterinsights_sitenote_category":0,"_uf_show_specific_survey":0,"_uf_disable_surveys":false,"footnotes":""},"class_list":["post-395","page","type-page","status-publish","hentry"],"yoast_head":"<!-- This site is optimized with the Yoast SEO plugin v25.8 - https:\/\/yoast.com\/wordpress\/plugins\/seo\/ -->\n<title>Contact | Infinitum Family Office in Belgium<\/title>\n<meta name=\"description\" content=\"Interested in joining Infinitum FO? We&#039;re happy to answer any inquiries about our wealth management and advisory services.\" \/>\n<meta name=\"robots\" content=\"index, follow, max-snippet:-1, max-image-preview:large, max-video-preview:-1\" \/>\n<link rel=\"canonical\" href=\"https:\/\/www.infinitum-fo.com\/fr\/contact\/\" \/>\n<meta property=\"og:locale\" content=\"fr_FR\" \/>\n<meta property=\"og:type\" content=\"article\" \/>\n<meta property=\"og:title\" content=\"Contact | Infinitum Family Office in Belgium\" \/>\n<meta property=\"og:description\" content=\"Interested in joining Infinitum FO? We&#039;re happy to answer any inquiries about our wealth management and advisory services.\" \/>\n<meta property=\"og:url\" content=\"https:\/\/www.infinitum-fo.com\/fr\/contact\/\" \/>\n<meta property=\"og:site_name\" content=\"Infinitum Family Office\" \/>\n<meta property=\"article:modified_time\" content=\"2024-10-31T09:41:32+00:00\" \/>\n<meta name=\"twitter:card\" content=\"summary_large_image\" \/>\n<meta name=\"twitter:label1\" content=\"Dur\u00e9e de lecture est.\" \/>\n\t<meta name=\"twitter:data1\" content=\"1 minute\" \/>\n<script type=\"application\/ld+json\" class=\"yoast-schema-graph\">{\"@context\":\"https:\/\/schema.org\",\"@graph\":[{\"@type\":\"WebPage\",\"@id\":\"https:\/\/www.infinitum-fo.com\/contact\/\",\"url\":\"https:\/\/www.infinitum-fo.com\/contact\/\",\"name\":\"Contact | Infinitum Family Office in Belgium\",\"isPartOf\":{\"@id\":\"https:\/\/www.infinitum-fo.com\/#website\"},\"datePublished\":\"2024-09-26T13:59:38+00:00\",\"dateModified\":\"2024-10-31T09:41:32+00:00\",\"description\":\"Interested in joining Infinitum FO? We're happy to answer any inquiries about our wealth management and advisory services.\",\"breadcrumb\":{\"@id\":\"https:\/\/www.infinitum-fo.com\/contact\/#breadcrumb\"},\"inLanguage\":\"fr-BE\",\"potentialAction\":[{\"@type\":\"ReadAction\",\"target\":[\"https:\/\/www.infinitum-fo.com\/contact\/\"]}]},{\"@type\":\"BreadcrumbList\",\"@id\":\"https:\/\/www.infinitum-fo.com\/contact\/#breadcrumb\",\"itemListElement\":[{\"@type\":\"ListItem\",\"position\":1,\"name\":\"Home\",\"item\":\"https:\/\/www.infinitum-fo.com\/\"},{\"@type\":\"ListItem\",\"position\":2,\"name\":\"Contact\"}]},{\"@type\":\"WebSite\",\"@id\":\"https:\/\/www.infinitum-fo.com\/#website\",\"url\":\"https:\/\/www.infinitum-fo.com\/\",\"name\":\"Infinitum FO\",\"description\":\"Family Office\",\"publisher\":{\"@id\":\"https:\/\/www.infinitum-fo.com\/#organization\"},\"potentialAction\":[{\"@type\":\"SearchAction\",\"target\":{\"@type\":\"EntryPoint\",\"urlTemplate\":\"https:\/\/www.infinitum-fo.com\/?s={search_term_string}\"},\"query-input\":{\"@type\":\"PropertyValueSpecification\",\"valueRequired\":true,\"valueName\":\"search_term_string\"}}],\"inLanguage\":\"fr-BE\"},{\"@type\":\"Organization\",\"@id\":\"https:\/\/www.infinitum-fo.com\/#organization\",\"name\":\"Infinitum FO\",\"url\":\"https:\/\/www.infinitum-fo.com\/\",\"logo\":{\"@type\":\"ImageObject\",\"inLanguage\":\"fr-BE\",\"@id\":\"https:\/\/www.infinitum-fo.com\/#\/schema\/logo\/image\/\",\"url\":\"https:\/\/www.infinitum-fo.com\/wp-content\/uploads\/2024\/08\/Logo.webp\",\"contentUrl\":\"https:\/\/www.infinitum-fo.com\/wp-content\/uploads\/2024\/08\/Logo.webp\",\"width\":1920,\"height\":691,\"caption\":\"Infinitum FO\"},\"image\":{\"@id\":\"https:\/\/www.infinitum-fo.com\/#\/schema\/logo\/image\/\"}}]}<\/script>\n<!-- \/ Yoast SEO plugin. -->","yoast_head_json":{"title":"Contact | Family Office Infinitum en Belgique","description":"Vous souhaitez rejoindre Infinitum FO ? Nous sommes \u00e0 votre disposition pour r\u00e9pondre \u00e0 vos questions sur nos services de gestion de patrimoine et de conseil.","robots":{"index":"index","follow":"follow","max-snippet":"max-snippet:-1","max-image-preview":"max-image-preview:large","max-video-preview":"max-video-preview:-1"},"canonical":"https:\/\/www.infinitum-fo.com\/fr\/contact\/","og_locale":"fr_FR","og_type":"article","og_title":"Contact | Infinitum Family Office in Belgium","og_description":"Interested in joining Infinitum FO? We're happy to answer any inquiries about our wealth management and advisory services.","og_url":"https:\/\/www.infinitum-fo.com\/fr\/contact\/","og_site_name":"Infinitum Family Office","article_modified_time":"2024-10-31T09:41:32+00:00","twitter_card":"summary_large_image","twitter_misc":{"Dur\u00e9e de lecture est.":"1 minute"},"schema":{"@context":"https:\/\/schema.org","@graph":[{"@type":"WebPage","@id":"https:\/\/www.infinitum-fo.com\/contact\/","url":"https:\/\/www.infinitum-fo.com\/contact\/","name":"Contact | Family Office Infinitum en Belgique","isPartOf":{"@id":"https:\/\/www.infinitum-fo.com\/#website"},"datePublished":"2024-09-26T13:59:38+00:00","dateModified":"2024-10-31T09:41:32+00:00","description":"Vous souhaitez rejoindre Infinitum FO ? Nous sommes \u00e0 votre disposition pour r\u00e9pondre \u00e0 vos questions sur nos services de gestion de patrimoine et de conseil.","breadcrumb":{"@id":"https:\/\/www.infinitum-fo.com\/contact\/#breadcrumb"},"inLanguage":"fr-BE","potentialAction":[{"@type":"ReadAction","target":["https:\/\/www.infinitum-fo.com\/contact\/"]}]},{"@type":"BreadcrumbList","@id":"https:\/\/www.infinitum-fo.com\/contact\/#breadcrumb","itemListElement":[{"@type":"ListItem","position":1,"name":"Home","item":"https:\/\/www.infinitum-fo.com\/"},{"@type":"ListItem","position":2,"name":"Contact"}]},{"@type":"WebSite","@id":"https:\/\/www.infinitum-fo.com\/#website","url":"https:\/\/www.infinitum-fo.com\/","name":"Infinitum FO","description":"Family Office","publisher":{"@id":"https:\/\/www.infinitum-fo.com\/#organization"},"potentialAction":[{"@type":"SearchAction","target":{"@type":"EntryPoint","urlTemplate":"https:\/\/www.infinitum-fo.com\/?s={search_term_string}"},"query-input":{"@type":"PropertyValueSpecification","valueRequired":true,"valueName":"search_term_string"}}],"inLanguage":"fr-BE"},{"@type":"Organization","@id":"https:\/\/www.infinitum-fo.com\/#organization","name":"Infinitum FO","url":"https:\/\/www.infinitum-fo.com\/","logo":{"@type":"ImageObject","inLanguage":"fr-BE","@id":"https:\/\/www.infinitum-fo.com\/#\/schema\/logo\/image\/","url":"https:\/\/www.infinitum-fo.com\/wp-content\/uploads\/2024\/08\/Logo.webp","contentUrl":"https:\/\/www.infinitum-fo.com\/wp-content\/uploads\/2024\/08\/Logo.webp","width":1920,"height":691,"caption":"Infinitum FO"},"image":{"@id":"https:\/\/www.infinitum-fo.com\/#\/schema\/logo\/image\/"}}]}},"_links":{"self":[{"href":"https:\/\/www.infinitum-fo.com\/fr\/wp-json\/wp\/v2\/pages\/395","targetHints":{"allow":["GET"]}}],"collection":[{"href":"https:\/\/www.infinitum-fo.com\/fr\/wp-json\/wp\/v2\/pages"}],"about":[{"href":"https:\/\/www.infinitum-fo.com\/fr\/wp-json\/wp\/v2\/types\/page"}],"author":[{"embeddable":true,"href":"https:\/\/www.infinitum-fo.com\/fr\/wp-json\/wp\/v2\/users\/1"}],"replies":[{"embeddable":true,"href":"https:\/\/www.infinitum-fo.com\/fr\/wp-json\/wp\/v2\/comments?post=395"}],"version-history":[{"count":210,"href":"https:\/\/www.infinitum-fo.com\/fr\/wp-json\/wp\/v2\/pages\/395\/revisions"}],"predecessor-version":[{"id":4535,"href":"https:\/\/www.infinitum-fo.com\/fr\/wp-json\/wp\/v2\/pages\/395\/revisions\/4535"}],"wp:attachment":[{"href":"https:\/\/www.infinitum-fo.com\/fr\/wp-json\/wp\/v2\/media?parent=395"}],"curies":[{"name":"wp","href":"https:\/\/api.w.org\/{rel}","templated":true}]}}